{"id":8407,"date":"2021-03-22T04:00:22","date_gmt":"2021-03-22T01:00:22","guid":{"rendered":"https:\/\/www.belvederevillage.gr\/contact\/"},"modified":"2024-09-25T10:49:57","modified_gmt":"2024-09-25T07:49:57","slug":"contact","status":"publish","type":"page","link":"https:\/\/www.belvederevillage.gr\/fr\/contact\/","title":{"rendered":"Contacter"},"content":{"rendered":"\t\t<div data-elementor-type=\"wp-page\" data-elementor-id=\"8407\" class=\"elementor elementor-8407 elementor-2101\" data-elementor-settings=\"[]\">\n\t\t\t\t\t\t\t<div class=\"elementor-section-wrap\">\n\t\t\t\t\t\t\t<section class=\"elementor-section elementor-top-section elementor-element elementor-element-6de239c elementor-section-boxed elementor-section-height-default elementor-section-height-default elementor-section-column-vertical-align-stretch\" data-id=\"6de239c\" data-element_type=\"section\">\n\t\t\t\t\t\t<div class=\"elementor-container elementor-column-gap-no\">\n\t\t\t\t\t<div class=\"elementor-column elementor-col-100 elementor-top-column elementor-element elementor-element-de74d5c\" data-id=\"de74d5c\" data-element_type=\"column\">\n\t\t\t<div class=\"elementor-widget-wrap elementor-element-populated\">\n\t\t\t\t\t\t\t\t<div class=\"elementor-element elementor-element-2f1ffe1 elementor-widget__width-inherit elementor-invisible elementor-widget elementor-widget-heading\" data-id=\"2f1ffe1\" data-element_type=\"widget\" data-settings=\"{&quot;_animation&quot;:&quot;nussFadeInUp&quot;}\" data-widget_type=\"heading.default\">\n\t\t\t\t<div class=\"elementor-widget-container\">\n\t\t\t<style>\/*! elementor - v3.5.6 - 28-02-2022 *\/\n.elementor-heading-title{padding:0;margin:0;line-height:1}.elementor-widget-heading .elementor-heading-title[class*=elementor-size-]>a{color:inherit;font-size:inherit;line-height:inherit}.elementor-widget-heading .elementor-heading-title.elementor-size-small{font-size:15px}.elementor-widget-heading .elementor-heading-title.elementor-size-medium{font-size:19px}.elementor-widget-heading .elementor-heading-title.elementor-size-large{font-size:29px}.elementor-widget-heading .elementor-heading-title.elementor-size-xl{font-size:39px}.elementor-widget-heading .elementor-heading-title.elementor-size-xxl{font-size:59px}<\/style><h4 class=\"elementor-heading-title elementor-size-default\"> Belv\u00e9d\u00e8re Village est toujours \u00e0 votre disposition! <\/h4>\t\t<\/div>\n\t\t\t\t<\/div>\n\t\t\t\t<div class=\"elementor-element elementor-element-5dc9443 elementor-invisible elementor-widget elementor-widget-text-editor\" data-id=\"5dc9443\" data-element_type=\"widget\" data-settings=\"{&quot;_animation&quot;:&quot;nussFadeInUp&quot;}\" data-widget_type=\"text-editor.default\">\n\t\t\t\t<div class=\"elementor-widget-container\">\n\t\t\t<style>\/*! elementor - v3.5.6 - 28-02-2022 *\/\n.elementor-widget-text-editor.elementor-drop-cap-view-stacked .elementor-drop-cap{background-color:#818a91;color:#fff}.elementor-widget-text-editor.elementor-drop-cap-view-framed .elementor-drop-cap{color:#818a91;border:3px solid;background-color:transparent}.elementor-widget-text-editor:not(.elementor-drop-cap-view-default) .elementor-drop-cap{margin-top:8px}.elementor-widget-text-editor:not(.elementor-drop-cap-view-default) .elementor-drop-cap-letter{width:1em;height:1em}.elementor-widget-text-editor .elementor-drop-cap{float:left;text-align:center;line-height:1;font-size:50px}.elementor-widget-text-editor .elementor-drop-cap-letter{display:inline-block}<\/style>\t\t\t\t<p>Contactez-nous pour tout savoir sur votre s\u00e9jour chez nous et votre voyage \u00e0 Agia Pelagia, dans la belle Cr\u00e8te !<\/p>\t\t\t\t\t\t<\/div>\n\t\t\t\t<\/div>\n\t\t\t\t<div class=\"elementor-element elementor-element-31b1544 elementor-invisible elementor-widget elementor-widget-text-editor\" data-id=\"31b1544\" data-element_type=\"widget\" data-settings=\"{&quot;_animation&quot;:&quot;nussFadeInUp&quot;}\" data-widget_type=\"text-editor.default\">\n\t\t\t\t<div class=\"elementor-widget-container\">\n\t\t\t\t\t\t\t<p>Tel: <a href=\"tel:(+30) 2810-811515\/282\">(+30) 2810-811515\/282<\/a><br \/>Fax: <a href=\"tel:(+30) 2810-811237\"> (+30) 2810-811237 <\/a><br \/><br \/><\/p>\t\t\t\t\t\t<\/div>\n\t\t\t\t<\/div>\n\t\t\t\t\t<\/div>\n\t\t<\/div>\n\t\t\t\t\t\t\t<\/div>\n\t\t<\/section>\n\t\t\t\t<section class=\"elementor-section elementor-top-section elementor-element elementor-element-d451619 elementor-section-boxed elementor-section-gap-beside-yes elementor-section-height-default elementor-section-height-default elementor-section-column-vertical-align-stretch\" data-id=\"d451619\" data-element_type=\"section\">\n\t\t\t\t\t\t<div class=\"elementor-container elementor-column-gap-extended\">\n\t\t\t\t\t<div class=\"elementor-column elementor-col-50 elementor-top-column elementor-element elementor-element-49b1fb6\" data-id=\"49b1fb6\" data-element_type=\"column\">\n\t\t\t<div class=\"elementor-widget-wrap elementor-element-populated\">\n\t\t\t\t\t\t\t\t<div class=\"elementor-element elementor-element-bf70db1 elementor-invisible nuss-elementor-loading nuss-slide-in-right elementor-widget elementor-widget-image\" data-id=\"bf70db1\" data-element_type=\"widget\" data-settings=\"{&quot;_animation&quot;:&quot;nussSlideInRight&quot;}\" data-widget_type=\"image.default\">\n\t\t\t\t<div class=\"elementor-widget-container\">\n\t\t\t<style>\/*! elementor - v3.5.6 - 28-02-2022 *\/\n.elementor-widget-image{text-align:center}.elementor-widget-image a{display:inline-block}.elementor-widget-image a img[src$=\".svg\"]{width:48px}.elementor-widget-image img{vertical-align:middle;display:inline-block}<\/style>\t\t\t\t\t\t\t\t\t\t\t\t<img loading=\"lazy\" decoding=\"async\" width=\"1600\" height=\"1068\" src=\"https:\/\/www.belvederevillage.gr\/wp-content\/uploads\/2021\/12\/MSS_2221.jpg\" class=\"attachment-full size-full\" alt=\"\" srcset=\"https:\/\/www.belvederevillage.gr\/wp-content\/uploads\/2021\/12\/MSS_2221.jpg 1600w, https:\/\/www.belvederevillage.gr\/wp-content\/uploads\/2021\/12\/MSS_2221-300x200.jpg 300w, https:\/\/www.belvederevillage.gr\/wp-content\/uploads\/2021\/12\/MSS_2221-1024x684.jpg 1024w, https:\/\/www.belvederevillage.gr\/wp-content\/uploads\/2021\/12\/MSS_2221-768x513.jpg 768w, https:\/\/www.belvederevillage.gr\/wp-content\/uploads\/2021\/12\/MSS_2221-1536x1025.jpg 1536w\" sizes=\"auto, (max-width: 1600px) 100vw, 1600px\" \/>\t\t\t\t\t\t\t\t\t\t\t\t\t\t\t<\/div>\n\t\t\t\t<\/div>\n\t\t\t\t\t<\/div>\n\t\t<\/div>\n\t\t\t\t<div class=\"elementor-column elementor-col-50 elementor-top-column elementor-element elementor-element-f585ae5\" data-id=\"f585ae5\" data-element_type=\"column\">\n\t\t\t<div class=\"elementor-widget-wrap elementor-element-populated\">\n\t\t\t\t\t\t\t\t<div class=\"elementor-element elementor-element-a2fc0ce elementor-invisible elementor-widget elementor-widget-heading\" data-id=\"a2fc0ce\" data-element_type=\"widget\" data-settings=\"{&quot;_animation&quot;:&quot;nussFadeInUp&quot;}\" data-widget_type=\"heading.default\">\n\t\t\t\t<div class=\"elementor-widget-container\">\n\t\t\t<h3 class=\"elementor-heading-title elementor-size-default\">Rester en contact  details<\/h3>\t\t<\/div>\n\t\t\t\t<\/div>\n\t\t\t\t<div class=\"elementor-element elementor-element-3e146d3 elementor-invisible elementor-widget elementor-widget-text-editor\" data-id=\"3e146d3\" data-element_type=\"widget\" data-settings=\"{&quot;_animation&quot;:&quot;nussFadeInUp&quot;}\" data-widget_type=\"text-editor.default\">\n\t\t\t\t<div class=\"elementor-widget-container\">\n\t\t\t\t\t\t\t<p>Remplissez le formulaire ci-dessous et nous vous contacterons sous peu.<\/p>\t\t\t\t\t\t<\/div>\n\t\t\t\t<\/div>\n\t\t\t\t<div class=\"elementor-element elementor-element-246346c nuss-contact-form-style-01 nuss-button-align-stretch elementor-widget elementor-widget-nuss-contact-form-7\" data-id=\"246346c\" data-element_type=\"widget\" data-widget_type=\"nuss-contact-form-7.default\">\n\t\t\t\t<div class=\"elementor-widget-container\">\n\t\t\t\t\t<div class=\"nuss-contact-form-7\">\n\t\t\t\n<div class=\"wpcf7 no-js\" id=\"wpcf7-f9195-o1\" lang=\"el\" dir=\"ltr\" data-wpcf7-id=\"9195\">\n<div class=\"screen-reader-response\"><p role=\"status\" aria-live=\"polite\" aria-atomic=\"true\"><\/p> <ul><\/ul><\/div>\n<form action=\"\/fr\/wp-json\/wp\/v2\/pages\/8407#wpcf7-f9195-o1\" method=\"post\" class=\"wpcf7-form init\" aria-label=\"\u03a6\u03cc\u03c1\u03bc\u03b1 \u03b5\u03c0\u03b9\u03ba\u03bf\u03b9\u03bd\u03c9\u03bd\u03af\u03b1\u03c2\" novalidate=\"novalidate\" data-status=\"init\">\n<fieldset class=\"hidden-fields-container\"><input type=\"hidden\" name=\"_wpcf7\" value=\"9195\" \/><input type=\"hidden\" name=\"_wpcf7_version\" value=\"6.1\" \/><input type=\"hidden\" name=\"_wpcf7_locale\" value=\"el\" \/><input type=\"hidden\" name=\"_wpcf7_unit_tag\" value=\"wpcf7-f9195-o1\" \/><input type=\"hidden\" name=\"_wpcf7_container_post\" value=\"0\" \/><input type=\"hidden\" name=\"_wpcf7_posted_data_hash\" value=\"\" \/><input type=\"hidden\" name=\"_wpcf7_recaptcha_response\" value=\"\" \/>\n<\/fieldset>\n<div class=\"form-2col form-control\" style=\"display: flex; justify-content: space-between; gap: 10px;\">\n\t<div style=\"flex: 1;\">\n\t\t<p><label><br \/>\n<span>Nom<\/span><br \/>\n<span class=\"required\">*<\/span><br \/>\n<span class=\"wpcf7-form-control-wrap\" data-name=\"your-name\"><input size=\"40\" maxlength=\"400\" class=\"wpcf7-form-control wpcf7-text wpcf7-validates-as-required\" aria-required=\"true\" aria-invalid=\"false\" value=\"\" type=\"text\" name=\"your-name\" \/><\/span><br \/>\n<\/label>\n\t\t<\/p>\n\t<\/div>\n\t<div style=\"flex: 1;\">\n\t\t<p><label><br \/>\n<span>\u039dom de famille<\/span><br \/>\n<span class=\"required\">*<\/span><br \/>\n<span class=\"wpcf7-form-control-wrap\" data-name=\"your-lastname\"><input size=\"40\" maxlength=\"400\" class=\"wpcf7-form-control wpcf7-text wpcf7-validates-as-required\" aria-required=\"true\" aria-invalid=\"false\" value=\"\" type=\"text\" name=\"your-lastname\" \/><\/span><br \/>\n<\/label>\n\t\t<\/p>\n\t<\/div>\n<\/div>\n\n <!-- Second Row: Arrival and Departure Dates -->\n<div class=\"form-2col form-control\" style=\"display: flex; justify-content: space-between; flex: 1; min-width: 300px;\">\n\t<div style=\"flex: 1; margin-right: 10px;\">\n\t\t<p><label for=\"date-509\">Date d'arriv\u00e9e<\/label><br \/>\n<input type=\"date\" name=\"date-509\" id=\"date-509\" style=\"width: 100%;\" required \/>\n\t\t<\/p>\n\t<\/div>\n\t<div style=\"flex: 1;\">\n\t\t<p><label for=\"date-529\">Date de d\u00e9part<\/label><br \/>\n<input type=\"date\" name=\"date-529\" id=\"date-529\" style=\"width: 100%;\" required \/>\n\t\t<\/p>\n\t<\/div>\n<\/div>\n<div style=\"height: 15px;\">\n<\/div>\n<p><label> Votre email<br \/>\n<span class=\"wpcf7-form-control-wrap\" data-name=\"your-email\"><input size=\"40\" maxlength=\"400\" class=\"wpcf7-form-control wpcf7-email wpcf7-validates-as-required wpcf7-text wpcf7-validates-as-email\" aria-required=\"true\" aria-invalid=\"false\" value=\"\" type=\"email\" name=\"your-email\" \/><\/span> <\/label><br \/>\n<br \/>\n<\/p>\n<div style=\"height: 15px;\">\n<\/div>\n<div class=\"form-2col form-control\" style=\"margin-bottom: 15px;\">\n\t<p><label>T\u00e9l\u00e9phone <span class=\"required\">*<\/span><\/label>\n\t<\/p>\n\t<div style=\"display: flex; align-items: center;\">\n\t\t<p><span style=\"padding: 6px 10px; background-color: #f0f0f0; border: 1px solid #ccc; border-radius: 4px;\">+<\/span><br \/>\n<input type=\"tel\" name=\"country-code\" id=\"country-code\" placeholder=\" \" required style=\"width: 60px; margin-left: 5px; margin-right: 10px;\" \/><br \/>\n<input type=\"tel\" name=\"tel-216\" id=\"tel-216\" placeholder=\"T\u00e9l\u00e9phone\" required style=\"flex: 1;\" \/>\n\t\t<\/p>\n\t<\/div>\n<\/div>\n<div class=\"form-2col form-control\">\n\t<p><label for=\"your-message\" style=\"display: block; margin-bottom: 5px;\">Votre message<\/label><br \/>\n<textarea name=\"your-message\" id=\"your-message\" rows=\"4\" style=\"width: 100%;\"><\/textarea>\n\t<\/p>\n<\/div>\n<div style=\"clear:both;padding-top:40px\">\n\t<p><input class=\"wpcf7-form-control wpcf7-submit has-spinner\" type=\"submit\" value=\"Soumettre\" \/>\n\t<\/p>\n<\/div><p style=\"display: none !important;\" class=\"akismet-fields-container\" data-prefix=\"_wpcf7_ak_\"><label>&#916;<textarea name=\"_wpcf7_ak_hp_textarea\" cols=\"45\" rows=\"8\" maxlength=\"100\"><\/textarea><\/label><input type=\"hidden\" id=\"ak_js_1\" name=\"_wpcf7_ak_js\" value=\"216\"\/><script>document.getElementById( \"ak_js_1\" ).setAttribute( \"value\", ( new Date() ).getTime() );<\/script><\/p><div class=\"wpcf7-response-output\" aria-hidden=\"true\"><\/div>\n<\/form>\n<\/div>\n\t\t<\/div>\n\t\t\t\t<\/div>\n\t\t\t\t<\/div>\n\t\t\t\t\t<\/div>\n\t\t<\/div>\n\t\t\t\t\t\t\t<\/div>\n\t\t<\/section>\n\t\t\t\t<section class=\"elementor-section elementor-top-section elementor-element elementor-element-e0fd702 elementor-section-boxed elementor-section-gap-beside-yes elementor-section-height-default elementor-section-height-default elementor-section-column-vertical-align-stretch\" data-id=\"e0fd702\" data-element_type=\"section\">\n\t\t\t\t\t\t<div class=\"elementor-container elementor-column-gap-extended\">\n\t\t\t\t\t<div class=\"elementor-column elementor-col-50 elementor-top-column elementor-element elementor-element-43deaea\" data-id=\"43deaea\" data-element_type=\"column\">\n\t\t\t<div class=\"elementor-widget-wrap elementor-element-populated\">\n\t\t\t\t\t\t\t\t<div class=\"elementor-element elementor-element-62b92e2 elementor-widget elementor-widget-text-editor\" data-id=\"62b92e2\" data-element_type=\"widget\" data-widget_type=\"text-editor.default\">\n\t\t\t\t<div class=\"elementor-widget-container\">\n\t\t\t\t\t\t\t<iframe src=https:\/\/www.google.com\/maps\/d\/u\/0\/embed?mid=1CzDeiZoJkikLAmcX9S7BG8BtEfyr12k&#038;ehbc=2E312F width=\"640\" height=\"480\"><\/iframe>\n\n\n\t\t\t\t\t\t<\/div>\n\t\t\t\t<\/div>\n\t\t\t\t\t<\/div>\n\t\t<\/div>\n\t\t\t\t<div class=\"elementor-column elementor-col-50 elementor-top-column elementor-element elementor-element-16fac76\" data-id=\"16fac76\" data-element_type=\"column\">\n\t\t\t<div class=\"elementor-widget-wrap elementor-element-populated\">\n\t\t\t\t\t\t\t\t<div class=\"elementor-element elementor-element-aa0c7e6 elementor-invisible elementor-widget elementor-widget-heading\" data-id=\"aa0c7e6\" data-element_type=\"widget\" data-settings=\"{&quot;_animation&quot;:&quot;nussFadeInUp&quot;}\" data-widget_type=\"heading.default\">\n\t\t\t\t<div class=\"elementor-widget-container\">\n\t\t\t<h3 class=\"elementor-heading-title elementor-size-default\">Lieu <\/h3>\t\t<\/div>\n\t\t\t\t<\/div>\n\t\t\t\t<div class=\"elementor-element elementor-element-17fe3e9 elementor-invisible elementor-widget elementor-widget-text-editor\" data-id=\"17fe3e9\" data-element_type=\"widget\" data-settings=\"{&quot;_animation&quot;:&quot;nussFadeInUp&quot;}\" data-widget_type=\"text-editor.default\">\n\t\t\t\t<div class=\"elementor-widget-container\">\n\t\t\t\t\t\t\t<p>Agia Pelagia, Cr\u00e8te 715 00, Hellas<br \/>\u039c\u0397\u03a4\u0395: 10 39 \u039a 12 3\u039a 03142 0 0<\/p>\t\t\t\t\t\t<\/div>\n\t\t\t\t<\/div>\n\t\t\t\t<div class=\"elementor-element elementor-element-805347d elementor-invisible elementor-widget elementor-widget-button\" data-id=\"805347d\" data-element_type=\"widget\" data-settings=\"{&quot;_animation&quot;:&quot;nussFadeInUp&quot;}\" data-widget_type=\"button.default\">\n\t\t\t\t<div class=\"elementor-widget-container\">\n\t\t\t\t\t<div class=\"elementor-button-wrapper\">\n\t\t\t<a href=\"https:\/\/g.page\/belvederehotel-agiapelagiacrete?share\" target=\"_blank\" class=\"elementor-button-link elementor-button elementor-size-sm\" role=\"button\">\n\t\t\t\t\t\t<span class=\"elementor-button-content-wrapper\">\n\t\t\t\t\t\t<span class=\"elementor-button-text\">Trouvez-nous sur la carte <\/span>\n\t\t<\/span>\n\t\t\t\t\t<\/a>\n\t\t<\/div>\n\t\t\t\t<\/div>\n\t\t\t\t<\/div>\n\t\t\t\t\t<\/div>\n\t\t<\/div>\n\t\t\t\t\t\t\t<\/div>\n\t\t<\/section>\n\t\t\t\t<section class=\"elementor-section elementor-top-section elementor-element elementor-element-89de821 elementor-section-stretched elementor-section-boxed elementor-section-gap-beside-yes elementor-section-height-default elementor-section-height-default elementor-section-column-vertical-align-stretch\" data-id=\"89de821\" data-element_type=\"section\" data-settings=\"{&quot;stretch_section&quot;:&quot;section-stretched&quot;,&quot;background_background&quot;:&quot;classic&quot;}\">\n\t\t\t\t\t\t<div class=\"elementor-container elementor-column-gap-extended\">\n\t\t\t\t\t<div class=\"elementor-column elementor-col-50 elementor-top-column elementor-element elementor-element-506edb8\" data-id=\"506edb8\" data-element_type=\"column\">\n\t\t\t<div class=\"elementor-widget-wrap elementor-element-populated\">\n\t\t\t\t\t\t\t\t<div class=\"elementor-element elementor-element-d1ce15e elementor-invisible elementor-widget elementor-widget-heading\" data-id=\"d1ce15e\" data-element_type=\"widget\" data-settings=\"{&quot;_animation&quot;:&quot;nussFadeInUp&quot;}\" data-widget_type=\"heading.default\">\n\t\t\t\t<div class=\"elementor-widget-container\">\n\t\t\t<h3 class=\"elementor-heading-title elementor-size-default\">Belvedere Village \u00e0 Agia Pelagia<\/h3>\t\t<\/div>\n\t\t\t\t<\/div>\n\t\t\t\t<div class=\"elementor-element elementor-element-8f16fb8 elementor-widget__width-initial elementor-invisible elementor-widget elementor-widget-text-editor\" data-id=\"8f16fb8\" data-element_type=\"widget\" data-settings=\"{&quot;_animation&quot;:&quot;nussFadeInUp&quot;}\" data-widget_type=\"text-editor.default\">\n\t\t\t\t<div class=\"elementor-widget-container\">\n\t\t\t\t\t\t\t<p>Notre objectif est de vous offrir un s\u00e9jour hospitalier dont vous souviendrez longtemps. Une exp\u00e9rience d&rsquo;h\u00e9bergement unique vous attend!<\/p>\t\t\t\t\t\t<\/div>\n\t\t\t\t<\/div>\n\t\t\t\t\t<\/div>\n\t\t<\/div>\n\t\t\t\t<div class=\"elementor-column elementor-col-50 elementor-top-column elementor-element elementor-element-7723235\" data-id=\"7723235\" data-element_type=\"column\">\n\t\t\t<div class=\"elementor-widget-wrap elementor-element-populated\">\n\t\t\t\t\t\t\t\t<div class=\"elementor-element elementor-element-8f14519 elementor-align-right elementor-mobile-align-left elementor-invisible elementor-widget elementor-widget-button\" data-id=\"8f14519\" data-element_type=\"widget\" data-settings=\"{&quot;_animation&quot;:&quot;nussFadeInUp&quot;}\" data-widget_type=\"button.default\">\n\t\t\t\t<div class=\"elementor-widget-container\">\n\t\t\t\t\t<div class=\"elementor-button-wrapper\">\n\t\t\t<a href=\"https:\/\/hotelbelvedere.reserve-online.net\/\" class=\"elementor-button-link elementor-button elementor-size-sm\" role=\"button\">\n\t\t\t\t\t\t<span class=\"elementor-button-content-wrapper\">\n\t\t\t\t\t\t<span class=\"elementor-button-text\">Faire une reservation <\/span>\n\t\t<\/span>\n\t\t\t\t\t<\/a>\n\t\t<\/div>\n\t\t\t\t<\/div>\n\t\t\t\t<\/div>\n\t\t\t\t\t<\/div>\n\t\t<\/div>\n\t\t\t\t\t\t\t<\/div>\n\t\t<\/section>\n\t\t\t\t\t\t<\/div>\n\t\t\t\t\t<\/div>\n\t\t","protected":false},"excerpt":{"rendered":"<p>Belv\u00e9d\u00e8re Village est toujours \u00e0 votre disposition! Contactez-nous pour tout savoir sur votre s\u00e9jour chez nous et votre voyage \u00e0 Agia Pelagia, dans la belle Cr\u00e8te ! Tel: (+30) 2810-811515\/282Fax: (+30) 2810-811237 Rester en contact details Remplissez le formulaire ci-dessous et nous vous contacterons sous peu. Nom * \u039dom de famille * Date d&rsquo;arriv\u00e9e Date [&hellip;]<\/p>\n","protected":false},"author":1,"featured_media":0,"parent":0,"menu_order":0,"comment_status":"closed","ping_status":"closed","template":"elementor_header_footer","meta":{"footnotes":""},"class_list":["post-8407","page","type-page","status-publish","hentry","post-no-thumbnail"],"yoast_head":"<!-- This site is optimized with the Yoast SEO plugin v24.8.1 - https:\/\/yoast.com\/wordpress\/plugins\/seo\/ -->\n<title>Contacter - Belvedere Village | Agia Pelagia<\/title>\n<meta name=\"robots\" content=\"index, follow, max-snippet:-1, max-image-preview:large, max-video-preview:-1\" \/>\n<link rel=\"canonical\" href=\"https:\/\/www.belvederevillage.gr\/contact\/\" \/>\n<meta property=\"og:locale\" content=\"fr_FR\" \/>\n<meta property=\"og:type\" content=\"article\" \/>\n<meta property=\"og:title\" content=\"Contacter - Belvedere Village | Agia Pelagia\" \/>\n<meta property=\"og:description\" content=\"Belv\u00e9d\u00e8re Village est toujours \u00e0 votre disposition! Contactez-nous pour tout savoir sur votre s\u00e9jour chez nous et votre voyage \u00e0 Agia Pelagia, dans la belle Cr\u00e8te ! Tel: (+30) 2810-811515\/282Fax: (+30) 2810-811237 Rester en contact details Remplissez le formulaire ci-dessous et nous vous contacterons sous peu. Nom * \u039dom de famille * Date d&rsquo;arriv\u00e9e Date [&hellip;]\" \/>\n<meta property=\"og:url\" content=\"https:\/\/www.belvederevillage.gr\/contact\/\" \/>\n<meta property=\"og:site_name\" content=\"Belvedere Village | Agia Pelagia\" \/>\n<meta property=\"article:modified_time\" content=\"2024-09-25T07:49:57+00:00\" \/>\n<meta property=\"og:image\" content=\"https:\/\/www.belvederevillage.gr\/wp-content\/uploads\/2021\/12\/MSS_2221.jpg\" \/>\n<meta name=\"twitter:card\" content=\"summary_large_image\" \/>\n<meta name=\"twitter:label1\" content=\"Dur\u00e9e de lecture estim\u00e9e\" \/>\n\t<meta name=\"twitter:data1\" content=\"1 minute\" \/>\n<script type=\"application\/ld+json\" class=\"yoast-schema-graph\">{\"@context\":\"https:\/\/schema.org\",\"@graph\":[{\"@type\":\"WebPage\",\"@id\":\"https:\/\/www.belvederevillage.gr\/contact\/\",\"url\":\"https:\/\/www.belvederevillage.gr\/contact\/\",\"name\":\"Contacter - Belvedere Village | Agia Pelagia\",\"isPartOf\":{\"@id\":\"https:\/\/www.belvederevillage.gr\/#website\"},\"primaryImageOfPage\":{\"@id\":\"https:\/\/www.belvederevillage.gr\/contact\/#primaryimage\"},\"image\":{\"@id\":\"https:\/\/www.belvederevillage.gr\/contact\/#primaryimage\"},\"thumbnailUrl\":\"https:\/\/www.belvederevillage.gr\/wp-content\/uploads\/2021\/12\/MSS_2221.jpg\",\"datePublished\":\"2021-03-22T01:00:22+00:00\",\"dateModified\":\"2024-09-25T07:49:57+00:00\",\"breadcrumb\":{\"@id\":\"https:\/\/www.belvederevillage.gr\/contact\/#breadcrumb\"},\"inLanguage\":\"fr-FR\",\"potentialAction\":[{\"@type\":\"ReadAction\",\"target\":[\"https:\/\/www.belvederevillage.gr\/contact\/\"]}]},{\"@type\":\"ImageObject\",\"inLanguage\":\"fr-FR\",\"@id\":\"https:\/\/www.belvederevillage.gr\/contact\/#primaryimage\",\"url\":\"https:\/\/www.belvederevillage.gr\/wp-content\/uploads\/2021\/12\/MSS_2221.jpg\",\"contentUrl\":\"https:\/\/www.belvederevillage.gr\/wp-content\/uploads\/2021\/12\/MSS_2221.jpg\"},{\"@type\":\"BreadcrumbList\",\"@id\":\"https:\/\/www.belvederevillage.gr\/contact\/#breadcrumb\",\"itemListElement\":[{\"@type\":\"ListItem\",\"position\":1,\"name\":\"\u0391\u03c1\u03c7\u03b9\u03ba\u03ae\",\"item\":\"https:\/\/www.belvederevillage.gr\/\"},{\"@type\":\"ListItem\",\"position\":2,\"name\":\"Contacter\"}]},{\"@type\":\"WebSite\",\"@id\":\"https:\/\/www.belvederevillage.gr\/#website\",\"url\":\"https:\/\/www.belvederevillage.gr\/\",\"name\":\"Belvedere Village | Agia Pelagia\",\"description\":\"A unique experience in Crete\",\"potentialAction\":[{\"@type\":\"SearchAction\",\"target\":{\"@type\":\"EntryPoint\",\"urlTemplate\":\"https:\/\/www.belvederevillage.gr\/?s={search_term_string}\"},\"query-input\":{\"@type\":\"PropertyValueSpecification\",\"valueRequired\":true,\"valueName\":\"search_term_string\"}}],\"inLanguage\":\"fr-FR\"}]}<\/script>\n<!-- \/ Yoast SEO plugin. -->","yoast_head_json":{"title":"Contacter - Belvedere Village | Agia Pelagia","robots":{"index":"index","follow":"follow","max-snippet":"max-snippet:-1","max-image-preview":"max-image-preview:large","max-video-preview":"max-video-preview:-1"},"canonical":"https:\/\/www.belvederevillage.gr\/contact\/","og_locale":"fr_FR","og_type":"article","og_title":"Contacter - Belvedere Village | Agia Pelagia","og_description":"Belv\u00e9d\u00e8re Village est toujours \u00e0 votre disposition! Contactez-nous pour tout savoir sur votre s\u00e9jour chez nous et votre voyage \u00e0 Agia Pelagia, dans la belle Cr\u00e8te ! Tel: (+30) 2810-811515\/282Fax: (+30) 2810-811237 Rester en contact details Remplissez le formulaire ci-dessous et nous vous contacterons sous peu. Nom * \u039dom de famille * Date d&rsquo;arriv\u00e9e Date [&hellip;]","og_url":"https:\/\/www.belvederevillage.gr\/contact\/","og_site_name":"Belvedere Village | Agia Pelagia","article_modified_time":"2024-09-25T07:49:57+00:00","og_image":[{"url":"https:\/\/www.belvederevillage.gr\/wp-content\/uploads\/2021\/12\/MSS_2221.jpg","type":"","width":"","height":""}],"twitter_card":"summary_large_image","twitter_misc":{"Dur\u00e9e de lecture estim\u00e9e":"1 minute"},"schema":{"@context":"https:\/\/schema.org","@graph":[{"@type":"WebPage","@id":"https:\/\/www.belvederevillage.gr\/contact\/","url":"https:\/\/www.belvederevillage.gr\/contact\/","name":"Contacter - Belvedere Village | Agia Pelagia","isPartOf":{"@id":"https:\/\/www.belvederevillage.gr\/#website"},"primaryImageOfPage":{"@id":"https:\/\/www.belvederevillage.gr\/contact\/#primaryimage"},"image":{"@id":"https:\/\/www.belvederevillage.gr\/contact\/#primaryimage"},"thumbnailUrl":"https:\/\/www.belvederevillage.gr\/wp-content\/uploads\/2021\/12\/MSS_2221.jpg","datePublished":"2021-03-22T01:00:22+00:00","dateModified":"2024-09-25T07:49:57+00:00","breadcrumb":{"@id":"https:\/\/www.belvederevillage.gr\/contact\/#breadcrumb"},"inLanguage":"fr-FR","potentialAction":[{"@type":"ReadAction","target":["https:\/\/www.belvederevillage.gr\/contact\/"]}]},{"@type":"ImageObject","inLanguage":"fr-FR","@id":"https:\/\/www.belvederevillage.gr\/contact\/#primaryimage","url":"https:\/\/www.belvederevillage.gr\/wp-content\/uploads\/2021\/12\/MSS_2221.jpg","contentUrl":"https:\/\/www.belvederevillage.gr\/wp-content\/uploads\/2021\/12\/MSS_2221.jpg"},{"@type":"BreadcrumbList","@id":"https:\/\/www.belvederevillage.gr\/contact\/#breadcrumb","itemListElement":[{"@type":"ListItem","position":1,"name":"\u0391\u03c1\u03c7\u03b9\u03ba\u03ae","item":"https:\/\/www.belvederevillage.gr\/"},{"@type":"ListItem","position":2,"name":"Contacter"}]},{"@type":"WebSite","@id":"https:\/\/www.belvederevillage.gr\/#website","url":"https:\/\/www.belvederevillage.gr\/","name":"Belvedere Village | Agia Pelagia","description":"A unique experience in Crete","potentialAction":[{"@type":"SearchAction","target":{"@type":"EntryPoint","urlTemplate":"https:\/\/www.belvederevillage.gr\/?s={search_term_string}"},"query-input":{"@type":"PropertyValueSpecification","valueRequired":true,"valueName":"search_term_string"}}],"inLanguage":"fr-FR"}]}},"_links":{"self":[{"href":"https:\/\/www.belvederevillage.gr\/fr\/wp-json\/wp\/v2\/pages\/8407","targetHints":{"allow":["GET"]}}],"collection":[{"href":"https:\/\/www.belvederevillage.gr\/fr\/wp-json\/wp\/v2\/pages"}],"about":[{"href":"https:\/\/www.belvederevillage.gr\/fr\/wp-json\/wp\/v2\/types\/page"}],"author":[{"embeddable":true,"href":"https:\/\/www.belvederevillage.gr\/fr\/wp-json\/wp\/v2\/users\/1"}],"replies":[{"embeddable":true,"href":"https:\/\/www.belvederevillage.gr\/fr\/wp-json\/wp\/v2\/comments?post=8407"}],"version-history":[{"count":26,"href":"https:\/\/www.belvederevillage.gr\/fr\/wp-json\/wp\/v2\/pages\/8407\/revisions"}],"predecessor-version":[{"id":9227,"href":"https:\/\/www.belvederevillage.gr\/fr\/wp-json\/wp\/v2\/pages\/8407\/revisions\/9227"}],"wp:attachment":[{"href":"https:\/\/www.belvederevillage.gr\/fr\/wp-json\/wp\/v2\/media?parent=8407"}],"curies":[{"name":"wp","href":"https:\/\/api.w.org\/{rel}","templated":true}]}}