{"id":8849,"date":"2022-10-12T11:20:19","date_gmt":"2022-10-12T08:20:19","guid":{"rendered":"https:\/\/www.belvederevillage.gr\/rent-a-car\/"},"modified":"2024-02-16T12:41:59","modified_gmt":"2024-02-16T10:41:59","slug":"rent-a-car","status":"publish","type":"page","link":"https:\/\/www.belvederevillage.gr\/fr\/rent-a-car\/","title":{"rendered":"R\u00e9servez une voiture"},"content":{"rendered":"\t\t<div data-elementor-type=\"wp-page\" data-elementor-id=\"8849\" class=\"elementor elementor-8849 elementor-8810\" data-elementor-settings=\"[]\">\n\t\t\t\t\t\t\t<div class=\"elementor-section-wrap\">\n\t\t\t\t\t\t\t<section class=\"elementor-section elementor-top-section elementor-element elementor-element-e56a0cd elementor-section-boxed elementor-section-gap-beside-yes elementor-section-height-default elementor-section-height-default elementor-section-column-vertical-align-stretch\" data-id=\"e56a0cd\" data-element_type=\"section\">\n\t\t\t\t\t\t<div class=\"elementor-container elementor-column-gap-extended\">\n\t\t\t\t\t<div class=\"elementor-column elementor-col-100 elementor-top-column elementor-element elementor-element-0b4465f\" data-id=\"0b4465f\" data-element_type=\"column\">\n\t\t\t<div class=\"elementor-widget-wrap elementor-element-populated\">\n\t\t\t\t\t\t\t\t<div class=\"elementor-element elementor-element-c5bfb65 elementor-widget__width-initial elementor-invisible elementor-widget elementor-widget-text-editor\" data-id=\"c5bfb65\" data-element_type=\"widget\" data-settings=\"{&quot;_animation&quot;:&quot;nussFadeInUp&quot;}\" data-widget_type=\"text-editor.default\">\n\t\t\t\t<div class=\"elementor-widget-container\">\n\t\t\t<style>\/*! elementor - v3.5.6 - 28-02-2022 *\/\n.elementor-widget-text-editor.elementor-drop-cap-view-stacked .elementor-drop-cap{background-color:#818a91;color:#fff}.elementor-widget-text-editor.elementor-drop-cap-view-framed .elementor-drop-cap{color:#818a91;border:3px solid;background-color:transparent}.elementor-widget-text-editor:not(.elementor-drop-cap-view-default) .elementor-drop-cap{margin-top:8px}.elementor-widget-text-editor:not(.elementor-drop-cap-view-default) .elementor-drop-cap-letter{width:1em;height:1em}.elementor-widget-text-editor .elementor-drop-cap{float:left;text-align:center;line-height:1;font-size:50px}.elementor-widget-text-editor .elementor-drop-cap-letter{display:inline-block}<\/style>\t\t\t\t<p>Vous pr\u00e9parez un voyage ? Que ce soit pour une petite excursion ou pour un d\u00e9placement professionnel, louez une voiture aux prix les plus bas!<\/p>\t\t\t\t\t\t<\/div>\n\t\t\t\t<\/div>\n\t\t\t\t\t<\/div>\n\t\t<\/div>\n\t\t\t\t\t\t\t<\/div>\n\t\t<\/section>\n\t\t\t\t<section class=\"elementor-section elementor-top-section elementor-element elementor-element-0a8d17c elementor-section-boxed elementor-section-gap-beside-yes elementor-section-height-default elementor-section-height-default elementor-section-content-align-center elementor-section-column-vertical-align-stretch\" data-id=\"0a8d17c\" data-element_type=\"section\">\n\t\t\t\t\t\t<div class=\"elementor-container elementor-column-gap-default\">\n\t\t\t\t\t<div class=\"elementor-column elementor-col-100 elementor-top-column elementor-element elementor-element-cbd419f\" data-id=\"cbd419f\" data-element_type=\"column\">\n\t\t\t<div class=\"elementor-widget-wrap elementor-element-populated\">\n\t\t\t\t\t\t\t\t<div class=\"elementor-element elementor-element-e7fde04 elementor-caption-position-top elementor-widget elementor-widget-nuss-image\" data-id=\"e7fde04\" data-element_type=\"widget\" data-widget_type=\"nuss-image.default\">\n\t\t\t\t<div class=\"elementor-widget-container\">\n\t\t\t\t\t\t\t\t\t\t\t\t<figure class=\"wp-caption\">\n\t\t\t\t\t\t\t\t\t\t\t<a href=\"https:\/\/www.jk-tours.gr\/\" target=\"_blank\">\n\t\t\t\t\t\t\t<img loading=\"lazy\" decoding=\"async\" width=\"280\" height=\"61\" src=\"https:\/\/www.belvederevillage.gr\/wp-content\/uploads\/2023\/08\/brand_logo.png\" class=\"elementor-animation-pulse attachment-medium size-medium\" alt=\"\" \/>\t\t\t\t\t\t\t\t<figcaption class=\"widget-image-caption wp-caption-text\">Faites votre r\u00e9servation rapidement et \u00e0 partir d'ici.<\/figcaption>\n\t\t\t\t\t\t\t\t\t\t\t<\/a>\n\t\t\t\t\t\t\t\t\t\t<\/figure>\n\t\t\t\t\t\t\t\t\t<\/div>\n\t\t\t\t<\/div>\n\t\t\t\t<div class=\"elementor-element elementor-element-6719789 elementor-widget elementor-widget-spacer\" data-id=\"6719789\" data-element_type=\"widget\" data-widget_type=\"spacer.default\">\n\t\t\t\t<div class=\"elementor-widget-container\">\n\t\t\t\t\t<div class=\"elementor-spacer\">\n\t\t\t<div class=\"elementor-spacer-inner\"><\/div>\n\t\t<\/div>\n\t\t\t\t<\/div>\n\t\t\t\t<\/div>\n\t\t\t\t\t<\/div>\n\t\t<\/div>\n\t\t\t\t\t\t\t<\/div>\n\t\t<\/section>\n\t\t\t\t<section class=\"elementor-section elementor-top-section elementor-element elementor-element-2e4165b elementor-section-boxed elementor-section-gap-beside-yes elementor-section-height-default elementor-section-height-default elementor-section-content-align-center elementor-section-column-vertical-align-stretch\" data-id=\"2e4165b\" data-element_type=\"section\">\n\t\t\t\t\t\t<div class=\"elementor-container elementor-column-gap-default\">\n\t\t\t\t\t<div class=\"elementor-column elementor-col-100 elementor-top-column elementor-element elementor-element-f3eb3d1\" data-id=\"f3eb3d1\" data-element_type=\"column\">\n\t\t\t<div class=\"elementor-widget-wrap elementor-element-populated\">\n\t\t\t\t\t\t\t\t<div class=\"elementor-element elementor-element-56dafb1 elementor-caption-position-top elementor-widget elementor-widget-nuss-image\" data-id=\"56dafb1\" data-element_type=\"widget\" data-widget_type=\"nuss-image.default\">\n\t\t\t\t<div class=\"elementor-widget-container\">\n\t\t\t\t\t\t\t\t\t\t\t\t<figure class=\"wp-caption\">\n\t\t\t\t\t\t\t\t\t\t\t<a href=\"https:\/\/autoscape.gr\/en\/\" target=\"_blank\">\n\t\t\t\t\t\t\t<img loading=\"lazy\" decoding=\"async\" width=\"300\" height=\"72\" src=\"https:\/\/www.belvederevillage.gr\/wp-content\/uploads\/2024\/02\/330-300x72.png\" class=\"elementor-animation-pulse attachment-medium size-medium\" alt=\"\" srcset=\"https:\/\/www.belvederevillage.gr\/wp-content\/uploads\/2024\/02\/330-300x72.png 300w, https:\/\/www.belvederevillage.gr\/wp-content\/uploads\/2024\/02\/330.png 330w\" sizes=\"auto, (max-width: 300px) 100vw, 300px\" \/>\t\t\t\t\t\t\t\t<figcaption class=\"widget-image-caption wp-caption-text\"><\/figcaption>\n\t\t\t\t\t\t\t\t\t\t\t<\/a>\n\t\t\t\t\t\t\t\t\t\t<\/figure>\n\t\t\t\t\t\t\t\t\t<\/div>\n\t\t\t\t<\/div>\n\t\t\t\t<div class=\"elementor-element elementor-element-8508984 elementor-widget elementor-widget-spacer\" data-id=\"8508984\" data-element_type=\"widget\" data-widget_type=\"spacer.default\">\n\t\t\t\t<div class=\"elementor-widget-container\">\n\t\t\t\t\t<div class=\"elementor-spacer\">\n\t\t\t<div class=\"elementor-spacer-inner\"><\/div>\n\t\t<\/div>\n\t\t\t\t<\/div>\n\t\t\t\t<\/div>\n\t\t\t\t\t<\/div>\n\t\t<\/div>\n\t\t\t\t\t\t\t<\/div>\n\t\t<\/section>\n\t\t\t\t<section class=\"elementor-section elementor-top-section elementor-element elementor-element-37a993c2 elementor-section-stretched elementor-section-boxed elementor-section-gap-beside-yes elementor-section-height-default elementor-section-height-default elementor-section-column-vertical-align-stretch elementor-invisible nuss-elementor-loading nuss-slide-in-up\" data-id=\"37a993c2\" data-element_type=\"section\" data-settings=\"{&quot;stretch_section&quot;:&quot;section-stretched&quot;,&quot;background_background&quot;:&quot;classic&quot;,&quot;animation&quot;:&quot;nussSlideInUp&quot;}\">\n\t\t\t\t\t\t\t<div class=\"elementor-background-overlay\"><\/div>\n\t\t\t\t\t\t\t<div class=\"elementor-container elementor-column-gap-extended\">\n\t\t\t\t\t<div class=\"elementor-column elementor-col-100 elementor-top-column elementor-element elementor-element-1730e54e\" data-id=\"1730e54e\" data-element_type=\"column\">\n\t\t\t<div class=\"elementor-widget-wrap elementor-element-populated\">\n\t\t\t\t\t\t\t\t<div class=\"elementor-element elementor-element-2e670fc5 elementor-widget__width-initial elementor-invisible elementor-widget elementor-widget-heading\" data-id=\"2e670fc5\" data-element_type=\"widget\" data-settings=\"{&quot;_animation&quot;:&quot;nussFadeInUp&quot;}\" data-widget_type=\"heading.default\">\n\t\t\t\t<div class=\"elementor-widget-container\">\n\t\t\t<style>\/*! elementor - v3.5.6 - 28-02-2022 *\/\n.elementor-heading-title{padding:0;margin:0;line-height:1}.elementor-widget-heading .elementor-heading-title[class*=elementor-size-]>a{color:inherit;font-size:inherit;line-height:inherit}.elementor-widget-heading .elementor-heading-title.elementor-size-small{font-size:15px}.elementor-widget-heading .elementor-heading-title.elementor-size-medium{font-size:19px}.elementor-widget-heading .elementor-heading-title.elementor-size-large{font-size:29px}.elementor-widget-heading .elementor-heading-title.elementor-size-xl{font-size:39px}.elementor-widget-heading .elementor-heading-title.elementor-size-xxl{font-size:59px}<\/style><h3 class=\"elementor-heading-title elementor-size-default\">Pour toute question concernant votre r\u00e9servation contactez-nous.<\/h3>\t\t<\/div>\n\t\t\t\t<\/div>\n\t\t\t\t<div class=\"elementor-element elementor-element-79f8eb9e elementor-align-center elementor-invisible elementor-widget elementor-widget-button\" data-id=\"79f8eb9e\" data-element_type=\"widget\" data-settings=\"{&quot;_animation&quot;:&quot;nussFadeInUp&quot;}\" data-widget_type=\"button.default\">\n\t\t\t\t<div class=\"elementor-widget-container\">\n\t\t\t\t\t<div class=\"elementor-button-wrapper\">\n\t\t\t<a href=\"mailto:info@hotel-belvedere.gr\" class=\"elementor-button-link elementor-button elementor-size-sm\" role=\"button\">\n\t\t\t\t\t\t<span class=\"elementor-button-content-wrapper\">\n\t\t\t\t\t\t<span class=\"elementor-button-text\">ENVOYEZ-NOUS UN E-MAIL<\/span>\n\t\t<\/span>\n\t\t\t\t\t<\/a>\n\t\t<\/div>\n\t\t\t\t<\/div>\n\t\t\t\t<\/div>\n\t\t\t\t<div class=\"elementor-element elementor-element-2974006b elementor-invisible elementor-widget elementor-widget-text-editor\" data-id=\"2974006b\" data-element_type=\"widget\" data-settings=\"{&quot;_animation&quot;:&quot;nussFadeInUp&quot;}\" data-widget_type=\"text-editor.default\">\n\t\t\t\t<div class=\"elementor-widget-container\">\n\t\t\t\t\t\t\t<p><a style=\"color: #fff !important;\" href=\"tel:(+30) 2810-811515\/282\">Ou appelez-nous au: (+30) 2810-811515\/282<\/a><\/p>\t\t\t\t\t\t<\/div>\n\t\t\t\t<\/div>\n\t\t\t\t\t<\/div>\n\t\t<\/div>\n\t\t\t\t\t\t\t<\/div>\n\t\t<\/section>\n\t\t\t\t\t\t<\/div>\n\t\t\t\t\t<\/div>\n\t\t","protected":false},"excerpt":{"rendered":"<p>Vous pr\u00e9parez un voyage ? Que ce soit pour une petite excursion ou pour un d\u00e9placement professionnel, louez une voiture aux prix les plus bas! Faites votre r\u00e9servation rapidement et \u00e0 partir d&rsquo;ici. Pour toute question concernant votre r\u00e9servation contactez-nous. ENVOYEZ-NOUS UN E-MAIL Ou appelez-nous au: (+30) 2810-811515\/282<\/p>\n","protected":false},"author":1,"featured_media":0,"parent":0,"menu_order":0,"comment_status":"closed","ping_status":"closed","template":"elementor_header_footer","meta":{"footnotes":""},"class_list":["post-8849","page","type-page","status-publish","hentry","post-no-thumbnail"],"yoast_head":"<!-- This site is optimized with the Yoast SEO plugin v24.8.1 - https:\/\/yoast.com\/wordpress\/plugins\/seo\/ -->\n<title>R\u00e9servez une voiture - Belvedere Village | Agia Pelagia<\/title>\n<meta name=\"robots\" content=\"index, follow, max-snippet:-1, max-image-preview:large, max-video-preview:-1\" \/>\n<link rel=\"canonical\" href=\"https:\/\/www.belvederevillage.gr\/rent-a-car\/\" \/>\n<meta property=\"og:locale\" content=\"fr_FR\" \/>\n<meta property=\"og:type\" content=\"article\" \/>\n<meta property=\"og:title\" content=\"R\u00e9servez une voiture - Belvedere Village | Agia Pelagia\" \/>\n<meta property=\"og:description\" content=\"Vous pr\u00e9parez un voyage ? Que ce soit pour une petite excursion ou pour un d\u00e9placement professionnel, louez une voiture aux prix les plus bas! Faites votre r\u00e9servation rapidement et \u00e0 partir d&rsquo;ici. Pour toute question concernant votre r\u00e9servation contactez-nous. ENVOYEZ-NOUS UN E-MAIL Ou appelez-nous au: (+30) 2810-811515\/282\" \/>\n<meta property=\"og:url\" content=\"https:\/\/www.belvederevillage.gr\/rent-a-car\/\" \/>\n<meta property=\"og:site_name\" content=\"Belvedere Village | Agia Pelagia\" \/>\n<meta property=\"article:modified_time\" content=\"2024-02-16T10:41:59+00:00\" \/>\n<meta property=\"og:image\" content=\"https:\/\/www.belvederevillage.gr\/wp-content\/uploads\/2023\/08\/brand_logo.png\" \/>\n<meta name=\"twitter:card\" content=\"summary_large_image\" \/>\n<meta name=\"twitter:label1\" content=\"Dur\u00e9e de lecture estim\u00e9e\" \/>\n\t<meta name=\"twitter:data1\" content=\"1 minute\" \/>\n<script type=\"application\/ld+json\" class=\"yoast-schema-graph\">{\"@context\":\"https:\/\/schema.org\",\"@graph\":[{\"@type\":\"WebPage\",\"@id\":\"https:\/\/www.belvederevillage.gr\/rent-a-car\/\",\"url\":\"https:\/\/www.belvederevillage.gr\/rent-a-car\/\",\"name\":\"R\u00e9servez une voiture - Belvedere Village | Agia Pelagia\",\"isPartOf\":{\"@id\":\"https:\/\/www.belvederevillage.gr\/#website\"},\"primaryImageOfPage\":{\"@id\":\"https:\/\/www.belvederevillage.gr\/rent-a-car\/#primaryimage\"},\"image\":{\"@id\":\"https:\/\/www.belvederevillage.gr\/rent-a-car\/#primaryimage\"},\"thumbnailUrl\":\"https:\/\/www.belvederevillage.gr\/wp-content\/uploads\/2023\/08\/brand_logo.png\",\"datePublished\":\"2022-10-12T08:20:19+00:00\",\"dateModified\":\"2024-02-16T10:41:59+00:00\",\"breadcrumb\":{\"@id\":\"https:\/\/www.belvederevillage.gr\/rent-a-car\/#breadcrumb\"},\"inLanguage\":\"fr-FR\",\"potentialAction\":[{\"@type\":\"ReadAction\",\"target\":[\"https:\/\/www.belvederevillage.gr\/rent-a-car\/\"]}]},{\"@type\":\"ImageObject\",\"inLanguage\":\"fr-FR\",\"@id\":\"https:\/\/www.belvederevillage.gr\/rent-a-car\/#primaryimage\",\"url\":\"https:\/\/www.belvederevillage.gr\/wp-content\/uploads\/2023\/08\/brand_logo.png\",\"contentUrl\":\"https:\/\/www.belvederevillage.gr\/wp-content\/uploads\/2023\/08\/brand_logo.png\"},{\"@type\":\"BreadcrumbList\",\"@id\":\"https:\/\/www.belvederevillage.gr\/rent-a-car\/#breadcrumb\",\"itemListElement\":[{\"@type\":\"ListItem\",\"position\":1,\"name\":\"\u0391\u03c1\u03c7\u03b9\u03ba\u03ae\",\"item\":\"https:\/\/www.belvederevillage.gr\/\"},{\"@type\":\"ListItem\",\"position\":2,\"name\":\"R\u00e9servez une voiture\"}]},{\"@type\":\"WebSite\",\"@id\":\"https:\/\/www.belvederevillage.gr\/#website\",\"url\":\"https:\/\/www.belvederevillage.gr\/\",\"name\":\"Belvedere Village | Agia Pelagia\",\"description\":\"A unique experience in Crete\",\"potentialAction\":[{\"@type\":\"SearchAction\",\"target\":{\"@type\":\"EntryPoint\",\"urlTemplate\":\"https:\/\/www.belvederevillage.gr\/?s={search_term_string}\"},\"query-input\":{\"@type\":\"PropertyValueSpecification\",\"valueRequired\":true,\"valueName\":\"search_term_string\"}}],\"inLanguage\":\"fr-FR\"}]}<\/script>\n<!-- \/ Yoast SEO plugin. -->","yoast_head_json":{"title":"R\u00e9servez une voiture - Belvedere Village | Agia Pelagia","robots":{"index":"index","follow":"follow","max-snippet":"max-snippet:-1","max-image-preview":"max-image-preview:large","max-video-preview":"max-video-preview:-1"},"canonical":"https:\/\/www.belvederevillage.gr\/rent-a-car\/","og_locale":"fr_FR","og_type":"article","og_title":"R\u00e9servez une voiture - Belvedere Village | Agia Pelagia","og_description":"Vous pr\u00e9parez un voyage ? Que ce soit pour une petite excursion ou pour un d\u00e9placement professionnel, louez une voiture aux prix les plus bas! Faites votre r\u00e9servation rapidement et \u00e0 partir d&rsquo;ici. Pour toute question concernant votre r\u00e9servation contactez-nous. ENVOYEZ-NOUS UN E-MAIL Ou appelez-nous au: (+30) 2810-811515\/282","og_url":"https:\/\/www.belvederevillage.gr\/rent-a-car\/","og_site_name":"Belvedere Village | Agia Pelagia","article_modified_time":"2024-02-16T10:41:59+00:00","og_image":[{"url":"https:\/\/www.belvederevillage.gr\/wp-content\/uploads\/2023\/08\/brand_logo.png","type":"","width":"","height":""}],"twitter_card":"summary_large_image","twitter_misc":{"Dur\u00e9e de lecture estim\u00e9e":"1 minute"},"schema":{"@context":"https:\/\/schema.org","@graph":[{"@type":"WebPage","@id":"https:\/\/www.belvederevillage.gr\/rent-a-car\/","url":"https:\/\/www.belvederevillage.gr\/rent-a-car\/","name":"R\u00e9servez une voiture - Belvedere Village | Agia Pelagia","isPartOf":{"@id":"https:\/\/www.belvederevillage.gr\/#website"},"primaryImageOfPage":{"@id":"https:\/\/www.belvederevillage.gr\/rent-a-car\/#primaryimage"},"image":{"@id":"https:\/\/www.belvederevillage.gr\/rent-a-car\/#primaryimage"},"thumbnailUrl":"https:\/\/www.belvederevillage.gr\/wp-content\/uploads\/2023\/08\/brand_logo.png","datePublished":"2022-10-12T08:20:19+00:00","dateModified":"2024-02-16T10:41:59+00:00","breadcrumb":{"@id":"https:\/\/www.belvederevillage.gr\/rent-a-car\/#breadcrumb"},"inLanguage":"fr-FR","potentialAction":[{"@type":"ReadAction","target":["https:\/\/www.belvederevillage.gr\/rent-a-car\/"]}]},{"@type":"ImageObject","inLanguage":"fr-FR","@id":"https:\/\/www.belvederevillage.gr\/rent-a-car\/#primaryimage","url":"https:\/\/www.belvederevillage.gr\/wp-content\/uploads\/2023\/08\/brand_logo.png","contentUrl":"https:\/\/www.belvederevillage.gr\/wp-content\/uploads\/2023\/08\/brand_logo.png"},{"@type":"BreadcrumbList","@id":"https:\/\/www.belvederevillage.gr\/rent-a-car\/#breadcrumb","itemListElement":[{"@type":"ListItem","position":1,"name":"\u0391\u03c1\u03c7\u03b9\u03ba\u03ae","item":"https:\/\/www.belvederevillage.gr\/"},{"@type":"ListItem","position":2,"name":"R\u00e9servez une voiture"}]},{"@type":"WebSite","@id":"https:\/\/www.belvederevillage.gr\/#website","url":"https:\/\/www.belvederevillage.gr\/","name":"Belvedere Village | Agia Pelagia","description":"A unique experience in Crete","potentialAction":[{"@type":"SearchAction","target":{"@type":"EntryPoint","urlTemplate":"https:\/\/www.belvederevillage.gr\/?s={search_term_string}"},"query-input":{"@type":"PropertyValueSpecification","valueRequired":true,"valueName":"search_term_string"}}],"inLanguage":"fr-FR"}]}},"_links":{"self":[{"href":"https:\/\/www.belvederevillage.gr\/fr\/wp-json\/wp\/v2\/pages\/8849","targetHints":{"allow":["GET"]}}],"collection":[{"href":"https:\/\/www.belvederevillage.gr\/fr\/wp-json\/wp\/v2\/pages"}],"about":[{"href":"https:\/\/www.belvederevillage.gr\/fr\/wp-json\/wp\/v2\/types\/page"}],"author":[{"embeddable":true,"href":"https:\/\/www.belvederevillage.gr\/fr\/wp-json\/wp\/v2\/users\/1"}],"replies":[{"embeddable":true,"href":"https:\/\/www.belvederevillage.gr\/fr\/wp-json\/wp\/v2\/comments?post=8849"}],"version-history":[{"count":26,"href":"https:\/\/www.belvederevillage.gr\/fr\/wp-json\/wp\/v2\/pages\/8849\/revisions"}],"predecessor-version":[{"id":9187,"href":"https:\/\/www.belvederevillage.gr\/fr\/wp-json\/wp\/v2\/pages\/8849\/revisions\/9187"}],"wp:attachment":[{"href":"https:\/\/www.belvederevillage.gr\/fr\/wp-json\/wp\/v2\/media?parent=8849"}],"curies":[{"name":"wp","href":"https:\/\/api.w.org\/{rel}","templated":true}]}}